{"id":14,"date":"2016-07-14T12:01:56","date_gmt":"2016-07-14T12:01:56","guid":{"rendered":"https:\/\/smartsing.es\/?page_id=14"},"modified":"2021-05-11T14:32:58","modified_gmt":"2021-05-11T13:32:58","slug":"blog","status":"publish","type":"page","link":"https:\/\/smartsing.es\/es\/blog\/","title":{"rendered":"Blog"},"content":{"rendered":"<div class=\"fusion-fullwidth fullwidth-box fusion-builder-row-1 fusion-flex-container nonhundred-percent-fullwidth non-hundred-percent-height-scrolling\" style=\"background-color: #252a33;background-position: left top;background-repeat: no-repeat;border-width: 0px 0px 0px 0px;border-color:#ffffff;border-style:solid;\" ><div class=\"fusion-builder-row fusion-row fusion-flex-align-items-flex-start fusion-flex-justify-content-center\" style=\"max-width:1300px;margin-left: calc(-4% \/ 2 );margin-right: calc(-4% \/ 2 );\"><div class=\"fusion-layout-column fusion_builder_column fusion-builder-column-0 fusion_builder_column_1_6 1_6 fusion-flex-column fusion-no-small-visibility fusion-no-medium-visibility\"><div class=\"fusion-column-wrapper fusion-flex-justify-content-flex-start fusion-content-layout-column\" style=\"background-position:left top;background-repeat:no-repeat;-webkit-background-size:cover;-moz-background-size:cover;-o-background-size:cover;background-size:cover;padding: 0px 0px 0px 0px;\"><\/div><\/div><style type=\"text\/css\">.fusion-body .fusion-builder-column-0{width:16.666666666667% !important;margin-top : 0px;margin-bottom : 0px;}.fusion-builder-column-0 > .fusion-column-wrapper {padding-top : 0px !important;padding-right : 0px !important;margin-right : 11.52%;padding-bottom : 0px !important;padding-left : 0px !important;margin-left : 11.52%;}@media only screen and (max-width:1024px) {.fusion-body .fusion-builder-column-0{width:100% !important;}.fusion-builder-column-0 > .fusion-column-wrapper {margin-right : 1.92%;margin-left : 1.92%;}}@media only screen and (max-width:640px) {.fusion-body .fusion-builder-column-0{width:100% !important;}.fusion-builder-column-0 > .fusion-column-wrapper {margin-right : 1.92%;margin-left : 1.92%;}}<\/style><div class=\"fusion-layout-column fusion_builder_column fusion-builder-column-1 fusion_builder_column_2_3 2_3 fusion-flex-column\"><div class=\"fusion-column-wrapper fusion-flex-justify-content-flex-start fusion-content-layout-column\" style=\"background-position:left top;background-repeat:no-repeat;-webkit-background-size:cover;-moz-background-size:cover;-o-background-size:cover;background-size:cover;padding: 0px 0px 0px 0px;\"><style type=\"text\/css\">@media only screen and (max-width:1024px) {.fusion-title.fusion-title-1{margin-top:0px!important;margin-bottom:30px!important;}}@media only screen and (max-width:640px) {.fusion-title.fusion-title-1{margin-top:0px!important;margin-bottom:30px!important;}}<\/style><div class=\"fusion-title title fusion-title-1 fusion-title-center fusion-title-text fusion-title-size-two\" style=\"margin-top:0px;margin-bottom:30px;\"><div class=\"title-sep-container title-sep-container-left\"><div class=\"title-sep sep-\" style=\"border-color:#323844;\"><\/div><\/div><h2 class=\"title-heading-center\" style=\"margin:0;line-height:1;\">Noticias y Novedades Smart Sing<\/h2><div class=\"title-sep-container title-sep-container-right\"><div class=\"title-sep sep-\" style=\"border-color:#323844;\"><\/div><\/div><\/div><div class=\"fusion-separator\" style=\"align-self: center;margin-left: auto;margin-right: auto;margin-bottom:40px;width:100%;max-width:300px;\"><div class=\"fusion-separator-border sep-single sep-solid\" style=\"border-color:#444e63;border-top-width:2px;\"><\/div><\/div><\/div><\/div><style type=\"text\/css\">.fusion-body .fusion-builder-column-1{width:66.666666666667% !important;margin-top : 5%;margin-bottom : 0px;}.fusion-builder-column-1 > .fusion-column-wrapper {padding-top : 0px !important;padding-right : 0px !important;margin-right : 2.88%;padding-bottom : 0px !important;padding-left : 0px !important;margin-left : 2.88%;}@media only screen and (max-width:1024px) {.fusion-body .fusion-builder-column-1{width:80% !important;order : 0;}.fusion-builder-column-1 > .fusion-column-wrapper {margin-right : 2.4%;margin-left : 2.4%;}}@media only screen and (max-width:640px) {.fusion-body .fusion-builder-column-1{width:100% !important;order : 0;}.fusion-builder-column-1 > .fusion-column-wrapper {margin-right : 1.92%;margin-left : 1.92%;}}<\/style><div class=\"fusion-layout-column fusion_builder_column fusion-builder-column-2 fusion_builder_column_1_6 1_6 fusion-flex-column fusion-no-small-visibility fusion-no-medium-visibility\"><div class=\"fusion-column-wrapper fusion-flex-justify-content-flex-start fusion-content-layout-column\" style=\"background-position:left top;background-repeat:no-repeat;-webkit-background-size:cover;-moz-background-size:cover;-o-background-size:cover;background-size:cover;padding: 0px 0px 0px 0px;\"><\/div><\/div><style type=\"text\/css\">.fusion-body .fusion-builder-column-2{width:16.666666666667% !important;margin-top : 0px;margin-bottom : 0px;}.fusion-builder-column-2 > .fusion-column-wrapper {padding-top : 0px !important;padding-right : 0px !important;margin-right : 11.52%;padding-bottom : 0px !important;padding-left : 0px !important;margin-left : 11.52%;}@media only screen and (max-width:1024px) {.fusion-body .fusion-builder-column-2{width:100% !important;}.fusion-builder-column-2 > .fusion-column-wrapper {margin-right : 1.92%;margin-left : 1.92%;}}@media only screen and (max-width:640px) {.fusion-body .fusion-builder-column-2{width:100% !important;}.fusion-builder-column-2 > .fusion-column-wrapper {margin-right : 1.92%;margin-left : 1.92%;}}<\/style><div class=\"fusion-layout-column fusion_builder_column fusion-builder-column-3 fusion_builder_column_1_1 1_1 fusion-flex-column fusion-flex-align-self-flex-start fusion-column-no-min-height\"><div class=\"fusion-column-wrapper fusion-flex-justify-content-flex-start fusion-content-layout-column\" style=\"background-position:left top;background-repeat:no-repeat;-webkit-background-size:cover;-moz-background-size:cover;-o-background-size:cover;background-size:cover;padding: 0px 0px 0px 0px;\"><div class=\"fusion-blog-shortcode fusion-blog-shortcode-1 fusion-blog-archive fusion-blog-layout-grid-wrapper fusion-blog-no\"><style type=\"text\/css\">.fusion-blog-shortcode-1 .fusion-blog-layout-grid .fusion-post-grid{padding:15px;}.fusion-blog-shortcode-1 .fusion-posts-container{margin-left: -15px !important; margin-right:-15px !important;}<\/style><div class=\"fusion-posts-container fusion-posts-container-no fusion-no-meta-info fusion-blog-rollover fusion-blog-layout-grid fusion-blog-layout-grid-2 isotope fusion-blog-equal-heights\" data-pages=\"2\" data-grid-col-space=\"30\" style=\"margin: -15px -15px 0;min-height:500px;\"><article id=\"blog-1-post-2562\" class=\"fusion-post-grid post-2562 post type-post status-publish format-standard has-post-thumbnail hentry category-sin-categorizar\">\n<div class=\"fusion-post-wrapper\" style=\"background-color:rgba(50,56,68,1);border:1px solid #323844;border-bottom-width:3px;\">\n\n\t\t\t<div class=\"fusion-flexslider flexslider fusion-flexslider-loading fusion-post-slideshow\" style=\"border-color:#323844;\">\n\t\t<ul class=\"slides\">\n\t\t\t\n\t\t\t\t\t\t\t\t\t\t\t\t\t\t<li>\n\n<div  class=\"fusion-image-wrapper\" aria-haspopup=\"true\">\n\t\n\t\n\t\t\n\t\t\t\t\t<img decoding=\"async\" width=\"1158\" height=\"2083\" src=\"https:\/\/smartsing.es\/wp-content\/uploads\/2025\/07\/IMG_1696.jpeg\" class=\"attachment-full size-full wp-post-image\" alt=\"\" srcset=\"https:\/\/smartsing.es\/wp-content\/uploads\/2025\/07\/IMG_1696-200x360.jpeg 200w, https:\/\/smartsing.es\/wp-content\/uploads\/2025\/07\/IMG_1696-400x720.jpeg 400w, https:\/\/smartsing.es\/wp-content\/uploads\/2025\/07\/IMG_1696-600x1079.jpeg 600w, https:\/\/smartsing.es\/wp-content\/uploads\/2025\/07\/IMG_1696-800x1439.jpeg 800w, https:\/\/smartsing.es\/wp-content\/uploads\/2025\/07\/IMG_1696.jpeg 1158w\" sizes=\"(min-width: 2200px) 100vw, (min-width: 712px) 610px, (min-width: 640px) 712px, \" \/>\n\t\n\n\t\t<div class=\"fusion-rollover\">\n\t<div class=\"fusion-rollover-content\">\n\n\t\t\t\t\n\t\t\t\t\n\t\t\t\t\t\t\t\t\t\t\t\t<h4 class=\"fusion-rollover-title\">\n\t\t\t\t\t<a class=\"fusion-rollover-title-link\" href=\"https:\/\/smartsing.es\/es\/lax_vox\/\">\n\t\t\t\t\t\tLax Vox: tu mejor aliado vocal\t\t\t\t\t<\/a>\n\t\t\t\t<\/h4>\n\t\t\t\n\t\t\t\t\t\t\t\t\n\t\t\n\t\t\t\t<a class=\"fusion-link-wrapper\" href=\"https:\/\/smartsing.es\/es\/lax_vox\/\" aria-label=\"Lax Vox: tu mejor aliado vocal\"><\/a>\n\t<\/div>\n<\/div>\n\n\t\n<\/div>\n<\/li>\n\t\t\t\n\t\t\t\n\t\t\t\t\t\t\t\t\t\t\t\t\t\t\t\t\t\t\t\t\t\t\t\t\t\t\t\t\t\t\t\t\t\t\t\t\t\t\t\t\t\t\t\t\t\t\t\t\t\t\t\t\t\t\t\t\t\t\t\t\t\t\t\t\t\t\t\t<\/ul>\n\t<\/div>\n\t<div class=\"fusion-post-content-wrapper\" style=\"padding:30px 25px 20px 25px;\"><div class=\"fusion-post-content post-content\"><h2 class=\"blog-shortcode-post-title entry-title\"><a href=\"https:\/\/smartsing.es\/es\/lax_vox\/\">Lax Vox: tu mejor aliado vocal<\/a><\/h2><div class=\"fusion-post-content-container\"><p>Seguro que has visto m\u00e1s de un v\u00eddeo en redes de alguien soplando por una pajita dentro de una botella con agua. Parece un juego de ni\u00f1os, pero\u2026 \u00bfy si te digo que tras esto [...]<\/p><\/div><\/div><\/div><div class=\"fusion-clearfix\"><\/div><\/div>\n<\/article>\n<article id=\"blog-1-post-2528\" class=\"fusion-post-grid post-2528 post type-post status-publish format-standard has-post-thumbnail hentry category-blog\">\n<div class=\"fusion-post-wrapper\" style=\"background-color:rgba(50,56,68,1);border:1px solid #323844;border-bottom-width:3px;\">\n\n\t\t\t<div class=\"fusion-flexslider flexslider fusion-flexslider-loading fusion-post-slideshow\" style=\"border-color:#323844;\">\n\t\t<ul class=\"slides\">\n\t\t\t\n\t\t\t\t\t\t\t\t\t\t\t\t\t\t<li>\n\n<div  class=\"fusion-image-wrapper\" aria-haspopup=\"true\">\n\t\n\t\n\t\t\n\t\t\t\t\t<img decoding=\"async\" width=\"1920\" height=\"2560\" src=\"https:\/\/smartsing.es\/wp-content\/uploads\/2024\/06\/IMG_7256-scaled.jpeg\" class=\"attachment-full size-full wp-post-image\" alt=\"\" srcset=\"https:\/\/smartsing.es\/wp-content\/uploads\/2024\/06\/IMG_7256-200x267.jpeg 200w, https:\/\/smartsing.es\/wp-content\/uploads\/2024\/06\/IMG_7256-400x533.jpeg 400w, https:\/\/smartsing.es\/wp-content\/uploads\/2024\/06\/IMG_7256-600x800.jpeg 600w, https:\/\/smartsing.es\/wp-content\/uploads\/2024\/06\/IMG_7256-800x1067.jpeg 800w, https:\/\/smartsing.es\/wp-content\/uploads\/2024\/06\/IMG_7256-1200x1600.jpeg 1200w, https:\/\/smartsing.es\/wp-content\/uploads\/2024\/06\/IMG_7256-scaled.jpeg 1920w\" sizes=\"(min-width: 2200px) 100vw, (min-width: 712px) 610px, (min-width: 640px) 712px, \" \/>\n\t\n\n\t\t<div class=\"fusion-rollover\">\n\t<div class=\"fusion-rollover-content\">\n\n\t\t\t\t\n\t\t\t\t\n\t\t\t\t\t\t\t\t\t\t\t\t<h4 class=\"fusion-rollover-title\">\n\t\t\t\t\t<a class=\"fusion-rollover-title-link\" href=\"https:\/\/smartsing.es\/es\/coach-certificada-de-nivel-2-por-mvt\/\">\n\t\t\t\t\t\tCoach certificada de nivel 2 por MVT\t\t\t\t\t<\/a>\n\t\t\t\t<\/h4>\n\t\t\t\n\t\t\t\t\t\t\t\t\n\t\t\n\t\t\t\t<a class=\"fusion-link-wrapper\" href=\"https:\/\/smartsing.es\/es\/coach-certificada-de-nivel-2-por-mvt\/\" aria-label=\"Coach certificada de nivel 2 por MVT\"><\/a>\n\t<\/div>\n<\/div>\n\n\t\n<\/div>\n<\/li>\n\t\t\t\n\t\t\t\n\t\t\t\t\t\t\t\t\t\t\t\t\t\t\t\t\t\t\t\t\t\t\t\t\t\t\t\t\t\t\t\t\t\t\t\t\t\t\t\t\t\t\t\t\t\t\t\t\t\t\t\t\t\t\t\t\t\t\t\t\t\t\t\t\t\t\t\t<\/ul>\n\t<\/div>\n\t<div class=\"fusion-post-content-wrapper\" style=\"padding:30px 25px 20px 25px;\"><div class=\"fusion-post-content post-content\"><h2 class=\"blog-shortcode-post-title entry-title\"><a href=\"https:\/\/smartsing.es\/es\/coach-certificada-de-nivel-2-por-mvt\/\">Coach certificada de nivel 2 por MVT<\/a><\/h2><div class=\"fusion-post-content-container\"><p>Por fin os puedo ense\u00f1ar el certificado oficial de nivel 2 por MVT!\ud83e\udd73 El a\u00f1o pasdo, os contaba que me hab\u00eda puesto en manos de esta prestigiosa instituci\u00f3n internacional para seguir su metodologia y aprender [...]<\/p><\/div><\/div><\/div><div class=\"fusion-clearfix\"><\/div><\/div>\n<\/article>\n<article id=\"blog-1-post-2475\" class=\"fusion-post-grid post-2475 post type-post status-publish format-standard has-post-thumbnail hentry category-blog category-sin-categorizar tag-ciencia-y-canto tag-clases tag-mvt tag-tecnica-vocal\">\n<div class=\"fusion-post-wrapper\" style=\"background-color:rgba(50,56,68,1);border:1px solid #323844;border-bottom-width:3px;\">\n\n\t\t\t<div class=\"fusion-flexslider flexslider fusion-flexslider-loading fusion-post-slideshow\" style=\"border-color:#323844;\">\n\t\t<ul class=\"slides\">\n\t\t\t\n\t\t\t\t\t\t\t\t\t\t\t\t\t\t<li>\n\n<div  class=\"fusion-image-wrapper\" aria-haspopup=\"true\">\n\t\n\t\n\t\t\n\t\t\t\t\t<img decoding=\"async\" width=\"1497\" height=\"1497\" src=\"https:\/\/smartsing.es\/wp-content\/uploads\/2023\/01\/titul-MVT.jpg\" class=\"attachment-full size-full wp-post-image\" alt=\"\" srcset=\"https:\/\/smartsing.es\/wp-content\/uploads\/2023\/01\/titul-MVT-200x200.jpg 200w, https:\/\/smartsing.es\/wp-content\/uploads\/2023\/01\/titul-MVT-400x400.jpg 400w, https:\/\/smartsing.es\/wp-content\/uploads\/2023\/01\/titul-MVT-600x600.jpg 600w, https:\/\/smartsing.es\/wp-content\/uploads\/2023\/01\/titul-MVT-800x800.jpg 800w, https:\/\/smartsing.es\/wp-content\/uploads\/2023\/01\/titul-MVT-1200x1200.jpg 1200w, https:\/\/smartsing.es\/wp-content\/uploads\/2023\/01\/titul-MVT.jpg 1497w\" sizes=\"(min-width: 2200px) 100vw, (min-width: 712px) 610px, (min-width: 640px) 712px, \" \/>\n\t\n\n\t\t<div class=\"fusion-rollover\">\n\t<div class=\"fusion-rollover-content\">\n\n\t\t\t\t\n\t\t\t\t\n\t\t\t\t\t\t\t\t\t\t\t\t<h4 class=\"fusion-rollover-title\">\n\t\t\t\t\t<a class=\"fusion-rollover-title-link\" href=\"https:\/\/smartsing.es\/es\/ya-soy-profesora-certificada-de-modern-vocal-training\/\">\n\t\t\t\t\t\tYa soy profesora certificada de Modern Vocal Training\t\t\t\t\t<\/a>\n\t\t\t\t<\/h4>\n\t\t\t\n\t\t\t\t\t\t\t\t\n\t\t\n\t\t\t\t<a class=\"fusion-link-wrapper\" href=\"https:\/\/smartsing.es\/es\/ya-soy-profesora-certificada-de-modern-vocal-training\/\" aria-label=\"Ya soy profesora certificada de Modern Vocal Training\"><\/a>\n\t<\/div>\n<\/div>\n\n\t\n<\/div>\n<\/li>\n\t\t\t\n\t\t\t\n\t\t\t\t\t\t\t\t\t\t\t\t\t\t\t\t\t\t\t\t\t\t\t\t\t\t\t\t\t\t\t\t\t\t\t\t\t\t\t\t\t\t\t\t\t\t\t\t\t\t\t\t\t\t\t\t\t\t\t\t\t\t\t\t\t\t\t\t<\/ul>\n\t<\/div>\n\t<div class=\"fusion-post-content-wrapper\" style=\"padding:30px 25px 20px 25px;\"><div class=\"fusion-post-content post-content\"><h2 class=\"blog-shortcode-post-title entry-title\"><a href=\"https:\/\/smartsing.es\/es\/ya-soy-profesora-certificada-de-modern-vocal-training\/\">Ya soy profesora certificada de Modern Vocal Training<\/a><\/h2><div class=\"fusion-post-content-container\"><p>Por fin os puedo compartir en lo que he estado trabajando este \u00faltimo a\u00f1o Ya soy Vocal Coach certificada por la instituci\u00f3n internacional MVT (https:\/\/modernvocaltraining.com)!! Estoy super feliz de todo lo que he aprendido, s\u00f3lo [...]<\/p><\/div><\/div><\/div><div class=\"fusion-clearfix\"><\/div><\/div>\n<\/article>\n<article id=\"blog-1-post-2371\" class=\"fusion-post-grid post-2371 post type-post status-publish format-standard has-post-thumbnail hentry category-blog tag-vocal-tips-es\">\n<div class=\"fusion-post-wrapper\" style=\"background-color:rgba(50,56,68,1);border:1px solid #323844;border-bottom-width:3px;\">\n\n\t\t\t<div class=\"fusion-flexslider flexslider fusion-flexslider-loading fusion-post-slideshow\" style=\"border-color:#323844;\">\n\t\t<ul class=\"slides\">\n\t\t\t\n\t\t\t\t\t\t\t\t\t\t\t\t\t\t<li>\n\n<div  class=\"fusion-image-wrapper\" aria-haspopup=\"true\">\n\t\n\t\n\t\t\n\t\t\t\t\t<img decoding=\"async\" width=\"626\" height=\"417\" src=\"https:\/\/smartsing.es\/wp-content\/uploads\/2022\/02\/retrato-joven-cantante-masculino-sonriente-leyendo-felizmente-texto-nueva-cancion-estudio-grabacion-moderno_574295-1910.jpg\" class=\"attachment-full size-full wp-post-image\" alt=\"\" srcset=\"https:\/\/smartsing.es\/wp-content\/uploads\/2022\/02\/retrato-joven-cantante-masculino-sonriente-leyendo-felizmente-texto-nueva-cancion-estudio-grabacion-moderno_574295-1910-200x133.jpg 200w, https:\/\/smartsing.es\/wp-content\/uploads\/2022\/02\/retrato-joven-cantante-masculino-sonriente-leyendo-felizmente-texto-nueva-cancion-estudio-grabacion-moderno_574295-1910-400x266.jpg 400w, https:\/\/smartsing.es\/wp-content\/uploads\/2022\/02\/retrato-joven-cantante-masculino-sonriente-leyendo-felizmente-texto-nueva-cancion-estudio-grabacion-moderno_574295-1910-600x400.jpg 600w, https:\/\/smartsing.es\/wp-content\/uploads\/2022\/02\/retrato-joven-cantante-masculino-sonriente-leyendo-felizmente-texto-nueva-cancion-estudio-grabacion-moderno_574295-1910.jpg 626w\" sizes=\"(min-width: 2200px) 100vw, (min-width: 712px) 610px, (min-width: 640px) 712px, \" \/>\n\t\n\n\t\t<div class=\"fusion-rollover\">\n\t<div class=\"fusion-rollover-content\">\n\n\t\t\t\t\n\t\t\t\t\n\t\t\t\t\t\t\t\t\t\t\t\t<h4 class=\"fusion-rollover-title\">\n\t\t\t\t\t<a class=\"fusion-rollover-title-link\" href=\"https:\/\/smartsing.es\/es\/como-aprender-la-letra-de-una-cancion-en-tiempo-record\/\">\n\t\t\t\t\t\tComo aprender la letra de una canci\u00f3n en tiempo r\u00e9cord\t\t\t\t\t<\/a>\n\t\t\t\t<\/h4>\n\t\t\t\n\t\t\t\t\t\t\t\t\n\t\t\n\t\t\t\t<a class=\"fusion-link-wrapper\" href=\"https:\/\/smartsing.es\/es\/como-aprender-la-letra-de-una-cancion-en-tiempo-record\/\" aria-label=\"Como aprender la letra de una canci\u00f3n en tiempo r\u00e9cord\"><\/a>\n\t<\/div>\n<\/div>\n\n\t\n<\/div>\n<\/li>\n\t\t\t\n\t\t\t\n\t\t\t\t\t\t\t\t\t\t\t\t\t\t\t\t\t\t\t\t\t\t\t\t\t\t\t\t\t\t\t\t\t\t\t\t\t\t\t\t\t\t\t\t\t\t\t\t\t\t\t\t\t\t\t\t\t\t\t\t\t\t\t\t\t\t\t\t<\/ul>\n\t<\/div>\n\t<div class=\"fusion-post-content-wrapper\" style=\"padding:30px 25px 20px 25px;\"><div class=\"fusion-post-content post-content\"><h2 class=\"blog-shortcode-post-title entry-title\"><a href=\"https:\/\/smartsing.es\/es\/como-aprender-la-letra-de-una-cancion-en-tiempo-record\/\">Como aprender la letra de una canci\u00f3n en tiempo r\u00e9cord<\/a><\/h2><div class=\"fusion-post-content-container\"><p>\u00bfComo me aprendo la letra de una canci\u00f3n? \u201cTengo una audici\u00f3n con un grupo y tengo que aprenderme dos canciones para ma\u00f1ana\" o \"tengo que grabar una cover en un idioma que no conozco\" o [...]<\/p><\/div><\/div><\/div><div class=\"fusion-clearfix\"><\/div><\/div>\n<\/article>\n<article id=\"blog-1-post-2322\" class=\"fusion-post-grid post-2322 post type-post status-publish format-standard has-post-thumbnail hentry category-blog tag-lacteos tag-mitos-y-leyendas\">\n<div class=\"fusion-post-wrapper\" style=\"background-color:rgba(50,56,68,1);border:1px solid #323844;border-bottom-width:3px;\">\n\n\t\t\t<div class=\"fusion-flexslider flexslider fusion-flexslider-loading fusion-post-slideshow\" style=\"border-color:#323844;\">\n\t\t<ul class=\"slides\">\n\t\t\t\n\t\t\t\t\t\t\t\t\t\t\t\t\t\t<li>\n\n<div  class=\"fusion-image-wrapper\" aria-haspopup=\"true\">\n\t\n\t\n\t\t\n\t\t\t\t\t<img decoding=\"async\" width=\"1315\" height=\"934\" src=\"https:\/\/smartsing.es\/wp-content\/uploads\/2021\/11\/E44B8188-3046-4986-A2B4-775F3DB0C8A3.jpeg\" class=\"attachment-full size-full wp-post-image\" alt=\"Campa\u00f1aa de Brenna. Fresh milks products\" srcset=\"https:\/\/smartsing.es\/wp-content\/uploads\/2021\/11\/E44B8188-3046-4986-A2B4-775F3DB0C8A3-200x142.jpeg 200w, https:\/\/smartsing.es\/wp-content\/uploads\/2021\/11\/E44B8188-3046-4986-A2B4-775F3DB0C8A3-400x284.jpeg 400w, https:\/\/smartsing.es\/wp-content\/uploads\/2021\/11\/E44B8188-3046-4986-A2B4-775F3DB0C8A3-600x426.jpeg 600w, https:\/\/smartsing.es\/wp-content\/uploads\/2021\/11\/E44B8188-3046-4986-A2B4-775F3DB0C8A3-800x568.jpeg 800w, https:\/\/smartsing.es\/wp-content\/uploads\/2021\/11\/E44B8188-3046-4986-A2B4-775F3DB0C8A3-1200x852.jpeg 1200w, https:\/\/smartsing.es\/wp-content\/uploads\/2021\/11\/E44B8188-3046-4986-A2B4-775F3DB0C8A3.jpeg 1315w\" sizes=\"(min-width: 2200px) 100vw, (min-width: 712px) 610px, (min-width: 640px) 712px, \" \/>\n\t\n\n\t\t<div class=\"fusion-rollover\">\n\t<div class=\"fusion-rollover-content\">\n\n\t\t\t\t\n\t\t\t\t\n\t\t\t\t\t\t\t\t\t\t\t\t<h4 class=\"fusion-rollover-title\">\n\t\t\t\t\t<a class=\"fusion-rollover-title-link\" href=\"https:\/\/smartsing.es\/es\/mito-o-realidad-los-lacteos-aumentan-la-mucosidad\/\">\n\t\t\t\t\t\t\u00bfMito o realidad? Los l\u00e1cteos aumentan la mucosidad\t\t\t\t\t<\/a>\n\t\t\t\t<\/h4>\n\t\t\t\n\t\t\t\t\t\t\t\t\n\t\t\n\t\t\t\t<a class=\"fusion-link-wrapper\" href=\"https:\/\/smartsing.es\/es\/mito-o-realidad-los-lacteos-aumentan-la-mucosidad\/\" aria-label=\"\u00bfMito o realidad? Los l\u00e1cteos aumentan la mucosidad\"><\/a>\n\t<\/div>\n<\/div>\n\n\t\n<\/div>\n<\/li>\n\t\t\t\n\t\t\t\n\t\t\t\t\t\t\t\t\t\t\t\t\t\t\t\t\t\t\t\t\t\t\t\t\t\t\t\t\t\t\t\t\t\t\t\t\t\t\t\t\t\t\t\t\t\t\t\t\t\t\t\t\t\t\t\t\t\t\t\t\t\t\t\t\t\t\t\t<\/ul>\n\t<\/div>\n\t<div class=\"fusion-post-content-wrapper\" style=\"padding:30px 25px 20px 25px;\"><div class=\"fusion-post-content post-content\"><h2 class=\"blog-shortcode-post-title entry-title\"><a href=\"https:\/\/smartsing.es\/es\/mito-o-realidad-los-lacteos-aumentan-la-mucosidad\/\">\u00bfMito o realidad? Los l\u00e1cteos aumentan la mucosidad<\/a><\/h2><div class=\"fusion-post-content-container\"><p> Mitos leyendas del canto A estas alturas del a\u00f1o, y con la llegada del fr\u00edo, seguro que muchas de vosotras ya habr\u00e1 sufrido los primeros resfriados: tos, mucosidad, malestar\u2026 y es por eso que [...]<\/p><\/div><\/div><\/div><div class=\"fusion-clearfix\"><\/div><\/div>\n<\/article>\n<article id=\"blog-1-post-2270\" class=\"fusion-post-grid post-2270 post type-post status-publish format-standard has-post-thumbnail hentry category-intensivos\">\n<div class=\"fusion-post-wrapper\" style=\"background-color:rgba(50,56,68,1);border:1px solid #323844;border-bottom-width:3px;\">\n\n\t\t\t<div class=\"fusion-flexslider flexslider fusion-flexslider-loading fusion-post-slideshow\" style=\"border-color:#323844;\">\n\t\t<ul class=\"slides\">\n\t\t\t\n\t\t\t\t\t\t\t\t\t\t\t\t\t\t<li>\n\n<div  class=\"fusion-image-wrapper\" aria-haspopup=\"true\">\n\t\n\t\n\t\t\n\t\t\t\t\t<img decoding=\"async\" width=\"1080\" height=\"1080\" src=\"https:\/\/smartsing.es\/wp-content\/uploads\/2021\/06\/DD32EC95-3756-4B9A-ADC9-1B98382F1154.jpeg\" class=\"attachment-full size-full wp-post-image\" alt=\"\" srcset=\"https:\/\/smartsing.es\/wp-content\/uploads\/2021\/06\/DD32EC95-3756-4B9A-ADC9-1B98382F1154-200x200.jpeg 200w, https:\/\/smartsing.es\/wp-content\/uploads\/2021\/06\/DD32EC95-3756-4B9A-ADC9-1B98382F1154-400x400.jpeg 400w, https:\/\/smartsing.es\/wp-content\/uploads\/2021\/06\/DD32EC95-3756-4B9A-ADC9-1B98382F1154-600x600.jpeg 600w, https:\/\/smartsing.es\/wp-content\/uploads\/2021\/06\/DD32EC95-3756-4B9A-ADC9-1B98382F1154-800x800.jpeg 800w, https:\/\/smartsing.es\/wp-content\/uploads\/2021\/06\/DD32EC95-3756-4B9A-ADC9-1B98382F1154.jpeg 1080w\" sizes=\"(min-width: 2200px) 100vw, (min-width: 712px) 610px, (min-width: 640px) 712px, \" \/>\n\t\n\n\t\t<div class=\"fusion-rollover\">\n\t<div class=\"fusion-rollover-content\">\n\n\t\t\t\t\n\t\t\t\t\n\t\t\t\t\t\t\t\t\t\t\t\t<h4 class=\"fusion-rollover-title\">\n\t\t\t\t\t<a class=\"fusion-rollover-title-link\" href=\"https:\/\/smartsing.es\/es\/intensivos-de-verano-2021\/\">\n\t\t\t\t\t\tIntensivos de verano 2021\t\t\t\t\t<\/a>\n\t\t\t\t<\/h4>\n\t\t\t\n\t\t\t\t\t\t\t\t\n\t\t\n\t\t\t\t<a class=\"fusion-link-wrapper\" href=\"https:\/\/smartsing.es\/es\/intensivos-de-verano-2021\/\" aria-label=\"Intensivos de verano 2021\"><\/a>\n\t<\/div>\n<\/div>\n\n\t\n<\/div>\n<\/li>\n\t\t\t\n\t\t\t\n\t\t\t\t\t\t\t\t\t\t\t\t\t\t\t\t\t\t\t\t\t\t\t\t\t\t\t\t\t\t\t\t\t\t\t\t\t\t\t\t\t\t\t\t\t\t\t\t\t\t\t\t\t\t\t\t\t\t\t\t\t\t\t\t\t\t\t\t<\/ul>\n\t<\/div>\n\t<div class=\"fusion-post-content-wrapper\" style=\"padding:30px 25px 20px 25px;\"><div class=\"fusion-post-content post-content\"><h2 class=\"blog-shortcode-post-title entry-title\"><a href=\"https:\/\/smartsing.es\/es\/intensivos-de-verano-2021\/\">Intensivos de verano 2021<\/a><\/h2><div class=\"fusion-post-content-container\"><p> \u00a1NUEVOS CURSOS INTENSIVOS DE VERANO ! 2 Niveles: 1. CURSO INTENSIVO DE INICIACI\u00d3N AL CANTO Para inexpertos e iniciados. No importa si nunca has cantado o tienes poca experiencia, en este curso obtendr\u00e1s una [...]<\/p><\/div><\/div><\/div><div class=\"fusion-clearfix\"><\/div><\/div>\n<\/article>\n<div class=\"fusion-clearfix\"><\/div><\/div><\/div><\/div><\/div><style type=\"text\/css\">.fusion-body .fusion-builder-column-3{width:100% !important;margin-top : 40px;margin-bottom : 0px;}.fusion-builder-column-3 > .fusion-column-wrapper {padding-top : 0px !important;padding-right : 0px !important;margin-right : 1.92%;padding-bottom : 0px !important;padding-left : 0px !important;margin-left : 1.92%;}@media only screen and (max-width:1024px) {.fusion-body .fusion-builder-column-3{width:100% !important;}.fusion-builder-column-3 > .fusion-column-wrapper {margin-right : 1.92%;margin-left : 1.92%;}}@media only screen and (max-width:640px) {.fusion-body .fusion-builder-column-3{width:100% !important;}.fusion-builder-column-3 > .fusion-column-wrapper {margin-right : 1.92%;margin-left : 1.92%;}}<\/style><\/div><style type=\"text\/css\">.fusion-body .fusion-flex-container.fusion-builder-row-1{ padding-top : 0px;margin-top : 0px;padding-right : 0px;padding-bottom : 120px;margin-bottom : 0px;padding-left : 0px;}<\/style><\/div>\n","protected":false},"excerpt":{"rendered":"","protected":false},"author":1,"featured_media":0,"parent":0,"menu_order":0,"comment_status":"closed","ping_status":"closed","template":"100-width.php","meta":{"footnotes":""},"class_list":["post-14","page","type-page","status-publish","hentry"],"_links":{"self":[{"href":"https:\/\/smartsing.es\/es\/wp-json\/wp\/v2\/pages\/14","targetHints":{"allow":["GET"]}}],"collection":[{"href":"https:\/\/smartsing.es\/es\/wp-json\/wp\/v2\/pages"}],"about":[{"href":"https:\/\/smartsing.es\/es\/wp-json\/wp\/v2\/types\/page"}],"author":[{"embeddable":true,"href":"https:\/\/smartsing.es\/es\/wp-json\/wp\/v2\/users\/1"}],"replies":[{"embeddable":true,"href":"https:\/\/smartsing.es\/es\/wp-json\/wp\/v2\/comments?post=14"}],"version-history":[{"count":13,"href":"https:\/\/smartsing.es\/es\/wp-json\/wp\/v2\/pages\/14\/revisions"}],"predecessor-version":[{"id":2103,"href":"https:\/\/smartsing.es\/es\/wp-json\/wp\/v2\/pages\/14\/revisions\/2103"}],"wp:attachment":[{"href":"https:\/\/smartsing.es\/es\/wp-json\/wp\/v2\/media?parent=14"}],"curies":[{"name":"wp","href":"https:\/\/api.w.org\/{rel}","templated":true}]}}